{"id":151,"date":"2021-11-04T12:32:08","date_gmt":"2021-11-04T10:32:08","guid":{"rendered":"https:\/\/www.sinikkaustinovjones.fi\/?page_id=151"},"modified":"2021-11-05T13:09:23","modified_gmt":"2021-11-05T11:09:23","slug":"about-the-artist","status":"publish","type":"page","link":"https:\/\/www.sinikkaustinovjones.fi\/?page_id=151","title":{"rendered":"About the Artist"},"content":{"rendered":"\n<h4 class=\"wp-block-heading\"><span style=\"font-family: Arial, serif;\"><span lang=\"en-GB\">My life in a nutshell: <\/span><\/span><\/h4>\n\n\n\n<p><span style=\"font-family: Arial, serif;\"><span lang=\"en-GB\">I was born and raised in J\u00e4rvenp\u00e4\u00e4, but I have lived one third of my life in the South of England. I went there for a year to study, but got married and stayed there. <\/span><\/span> <span style=\"color: #000000;\"><span style=\"font-family: Arial, serif;\"><span lang=\"en-GB\">I returned to Finland and back to J\u00e4rvenp\u00e4\u00e4 with my family because of my elderly and infirm parents. Now I live in my childhood home, where I also have my studio. As I get older, I find ceramics are taking preference in my works. This is probably due to artistic nature of my father&#8217;s side of the family.<\/span><\/span><\/span> <\/p>\n\n\n\n<figure class=\"wp-block-image size-full\"><img loading=\"lazy\" decoding=\"async\" width=\"978\" height=\"400\" src=\"https:\/\/www.sinikkaustinovjones.fi\/wp-content\/uploads\/Valahdyksia.jpg\" alt=\"\" class=\"wp-image-82\" srcset=\"https:\/\/www.sinikkaustinovjones.fi\/wp-content\/uploads\/Valahdyksia.jpg 978w, https:\/\/www.sinikkaustinovjones.fi\/wp-content\/uploads\/Valahdyksia-333x136.jpg 333w, https:\/\/www.sinikkaustinovjones.fi\/wp-content\/uploads\/Valahdyksia-300x123.jpg 300w, https:\/\/www.sinikkaustinovjones.fi\/wp-content\/uploads\/Valahdyksia-768x314.jpg 768w\" sizes=\"auto, (max-width: 978px) 100vw, 978px\" \/><figcaption>Flashes \/ V\u00e4l\u00e4hdyksi\u00e4<\/figcaption><\/figure>\n","protected":false},"excerpt":{"rendered":"<p>My life in a nutshell: I was born and raised in J\u00e4rvenp\u00e4\u00e4, but I have lived one third of my life in the South of England. I went there for a year to study, but got married and stayed there. I returned to Finland and back to J\u00e4rvenp\u00e4\u00e4 with my family because of my elderly &hellip; <\/p>\n<p class=\"link-more\"><a href=\"https:\/\/www.sinikkaustinovjones.fi\/?page_id=151\" class=\"more-link\">Jatka lukemista<span class=\"screen-reader-text\"> &#8221;About the Artist&#8221;<\/span><\/a><\/p>\n","protected":false},"author":1,"featured_media":0,"parent":0,"menu_order":2,"comment_status":"closed","ping_status":"closed","template":"","meta":{"footnotes":""},"class_list":["post-151","page","type-page","status-publish","hentry","entry"],"_links":{"self":[{"href":"https:\/\/www.sinikkaustinovjones.fi\/index.php?rest_route=\/wp\/v2\/pages\/151","targetHints":{"allow":["GET"]}}],"collection":[{"href":"https:\/\/www.sinikkaustinovjones.fi\/index.php?rest_route=\/wp\/v2\/pages"}],"about":[{"href":"https:\/\/www.sinikkaustinovjones.fi\/index.php?rest_route=\/wp\/v2\/types\/page"}],"author":[{"embeddable":true,"href":"https:\/\/www.sinikkaustinovjones.fi\/index.php?rest_route=\/wp\/v2\/users\/1"}],"replies":[{"embeddable":true,"href":"https:\/\/www.sinikkaustinovjones.fi\/index.php?rest_route=%2Fwp%2Fv2%2Fcomments&post=151"}],"version-history":[{"count":2,"href":"https:\/\/www.sinikkaustinovjones.fi\/index.php?rest_route=\/wp\/v2\/pages\/151\/revisions"}],"predecessor-version":[{"id":314,"href":"https:\/\/www.sinikkaustinovjones.fi\/index.php?rest_route=\/wp\/v2\/pages\/151\/revisions\/314"}],"wp:attachment":[{"href":"https:\/\/www.sinikkaustinovjones.fi\/index.php?rest_route=%2Fwp%2Fv2%2Fmedia&parent=151"}],"curies":[{"name":"wp","href":"https:\/\/api.w.org\/{rel}","templated":true}]}}