{"id":204,"date":"2021-11-05T15:24:40","date_gmt":"2021-11-05T13:24:40","guid":{"rendered":"https:\/\/www.sinikkaustinovjones.fi\/?page_id=204"},"modified":"2021-11-18T16:28:39","modified_gmt":"2021-11-18T14:28:39","slug":"gallery","status":"publish","type":"page","link":"https:\/\/www.sinikkaustinovjones.fi\/?page_id=204","title":{"rendered":"Gallery"},"content":{"rendered":"\n<p>Here can be found a variety of works of art that I have created by using different techniques.<\/p>\n\n\n\n<figure class=\"wp-block-image size-large\"><img loading=\"lazy\" decoding=\"async\" width=\"1024\" height=\"316\" src=\"https:\/\/www.sinikkaustinovjones.fi\/wp-content\/uploads\/Myllyn_panoraama-1024x316.jpg\" alt=\"\" class=\"wp-image-206\" srcset=\"https:\/\/www.sinikkaustinovjones.fi\/wp-content\/uploads\/Myllyn_panoraama-1024x316.jpg 1024w, https:\/\/www.sinikkaustinovjones.fi\/wp-content\/uploads\/Myllyn_panoraama-300x93.jpg 300w, https:\/\/www.sinikkaustinovjones.fi\/wp-content\/uploads\/Myllyn_panoraama-150x46.jpg 150w, https:\/\/www.sinikkaustinovjones.fi\/wp-content\/uploads\/Myllyn_panoraama-768x237.jpg 768w, https:\/\/www.sinikkaustinovjones.fi\/wp-content\/uploads\/Myllyn_panoraama.jpg 1135w\" sizes=\"auto, (max-width: 1024px) 100vw, 1024px\" \/><figcaption>Panorama view from the roof of J\u00e4rvenp\u00e4\u00e4 mill 2010<\/figcaption><\/figure>\n\n\n\n<p><\/p>\n","protected":false},"excerpt":{"rendered":"<p>Here can be found a variety of works of art that I have created by using different techniques.<\/p>\n","protected":false},"author":1,"featured_media":0,"parent":0,"menu_order":8,"comment_status":"closed","ping_status":"closed","template":"","meta":{"footnotes":""},"class_list":["post-204","page","type-page","status-publish","hentry","entry"],"_links":{"self":[{"href":"https:\/\/www.sinikkaustinovjones.fi\/index.php?rest_route=\/wp\/v2\/pages\/204","targetHints":{"allow":["GET"]}}],"collection":[{"href":"https:\/\/www.sinikkaustinovjones.fi\/index.php?rest_route=\/wp\/v2\/pages"}],"about":[{"href":"https:\/\/www.sinikkaustinovjones.fi\/index.php?rest_route=\/wp\/v2\/types\/page"}],"author":[{"embeddable":true,"href":"https:\/\/www.sinikkaustinovjones.fi\/index.php?rest_route=\/wp\/v2\/users\/1"}],"replies":[{"embeddable":true,"href":"https:\/\/www.sinikkaustinovjones.fi\/index.php?rest_route=%2Fwp%2Fv2%2Fcomments&post=204"}],"version-history":[{"count":3,"href":"https:\/\/www.sinikkaustinovjones.fi\/index.php?rest_route=\/wp\/v2\/pages\/204\/revisions"}],"predecessor-version":[{"id":318,"href":"https:\/\/www.sinikkaustinovjones.fi\/index.php?rest_route=\/wp\/v2\/pages\/204\/revisions\/318"}],"wp:attachment":[{"href":"https:\/\/www.sinikkaustinovjones.fi\/index.php?rest_route=%2Fwp%2Fv2%2Fmedia&parent=204"}],"curies":[{"name":"wp","href":"https:\/\/api.w.org\/{rel}","templated":true}]}}