{"id":208,"date":"2021-11-05T15:24:40","date_gmt":"2021-11-05T13:24:40","guid":{"rendered":"https:\/\/www.sinikkaustinovjones.fi\/?page_id=208"},"modified":"2025-05-08T08:14:14","modified_gmt":"2025-05-08T05:14:14","slug":"photos","status":"publish","type":"page","link":"https:\/\/www.sinikkaustinovjones.fi\/?page_id=208","title":{"rendered":"Photos"},"content":{"rendered":"\n<p>In 2010 I got permission to enter and take photos of the old mill of J\u00e4rvenp\u00e4\u00e4 before it was demolished years later. Here are only a few of them. <br>The exhibition of the photos was in the gallery of the J\u00e4rvenp\u00e4\u00e4-talo.<\/p>\n\n\n\n<p>Vuonna 2010 sain luvan kuvata J\u00e4rvenp\u00e4\u00e4n vanhaa mylly\u00e4 sis\u00e4lt\u00e4 ja ulkoa ennen sen purkamista. T\u00e4ss\u00e4 muutamia esimerkkej\u00e4 valokuvista. N\u00e4yttely oli J\u00e4rvenp\u00e4\u00e4-talon galleriassa.<\/p>\n\n\n\n<p>Click picture to see it larger \/ Klikkaa kuvaa isommaksi.<\/p>\n\n\n\n<figure class=\"wp-block-gallery has-nested-images columns-4 is-cropped wp-block-gallery-1 is-layout-flex wp-block-gallery-is-layout-flex\">\n<figure class=\"wp-block-image size-large\"><a href=\"https:\/\/www.sinikkaustinovjones.fi\/wp-content\/uploads\/mylly1.jpg\"><img loading=\"lazy\" decoding=\"async\" width=\"600\" height=\"450\" data-id=\"231\" src=\"https:\/\/www.sinikkaustinovjones.fi\/wp-content\/uploads\/mylly1.jpg\" alt=\"\" class=\"wp-image-231\" srcset=\"https:\/\/www.sinikkaustinovjones.fi\/wp-content\/uploads\/mylly1.jpg 600w, https:\/\/www.sinikkaustinovjones.fi\/wp-content\/uploads\/mylly1-300x225.jpg 300w, https:\/\/www.sinikkaustinovjones.fi\/wp-content\/uploads\/mylly1-150x113.jpg 150w\" sizes=\"auto, (max-width: 600px) 100vw, 600px\" \/><\/a><\/figure>\n\n\n\n<figure class=\"wp-block-image size-large\"><a href=\"https:\/\/www.sinikkaustinovjones.fi\/wp-content\/uploads\/mylly2.jpg\"><img loading=\"lazy\" decoding=\"async\" width=\"600\" height=\"450\" data-id=\"232\" src=\"https:\/\/www.sinikkaustinovjones.fi\/wp-content\/uploads\/mylly2.jpg\" alt=\"\" class=\"wp-image-232\" srcset=\"https:\/\/www.sinikkaustinovjones.fi\/wp-content\/uploads\/mylly2.jpg 600w, https:\/\/www.sinikkaustinovjones.fi\/wp-content\/uploads\/mylly2-300x225.jpg 300w, https:\/\/www.sinikkaustinovjones.fi\/wp-content\/uploads\/mylly2-150x113.jpg 150w\" sizes=\"auto, (max-width: 600px) 100vw, 600px\" \/><\/a><\/figure>\n\n\n\n<figure class=\"wp-block-image size-large\"><a href=\"https:\/\/www.sinikkaustinovjones.fi\/wp-content\/uploads\/mylly3_torvi.jpg\"><img loading=\"lazy\" decoding=\"async\" width=\"600\" height=\"450\" data-id=\"233\" src=\"https:\/\/www.sinikkaustinovjones.fi\/wp-content\/uploads\/mylly3_torvi.jpg\" alt=\"\" class=\"wp-image-233\" srcset=\"https:\/\/www.sinikkaustinovjones.fi\/wp-content\/uploads\/mylly3_torvi.jpg 600w, https:\/\/www.sinikkaustinovjones.fi\/wp-content\/uploads\/mylly3_torvi-300x225.jpg 300w, https:\/\/www.sinikkaustinovjones.fi\/wp-content\/uploads\/mylly3_torvi-150x113.jpg 150w\" sizes=\"auto, (max-width: 600px) 100vw, 600px\" \/><\/a><\/figure>\n\n\n\n<figure class=\"wp-block-image size-large\"><a href=\"https:\/\/www.sinikkaustinovjones.fi\/wp-content\/uploads\/Mylly_varjo.jpg\"><img loading=\"lazy\" decoding=\"async\" width=\"375\" height=\"500\" data-id=\"230\" src=\"https:\/\/www.sinikkaustinovjones.fi\/wp-content\/uploads\/Mylly_varjo.jpg\" alt=\"\" class=\"wp-image-230\" srcset=\"https:\/\/www.sinikkaustinovjones.fi\/wp-content\/uploads\/Mylly_varjo.jpg 375w, https:\/\/www.sinikkaustinovjones.fi\/wp-content\/uploads\/Mylly_varjo-225x300.jpg 225w, https:\/\/www.sinikkaustinovjones.fi\/wp-content\/uploads\/Mylly_varjo-113x150.jpg 113w\" sizes=\"auto, (max-width: 375px) 100vw, 375px\" \/><\/a><\/figure>\n\n\n\n<figure class=\"wp-block-image size-large\"><a href=\"https:\/\/www.sinikkaustinovjones.fi\/wp-content\/uploads\/Mylly_Koivu.jpg\"><img loading=\"lazy\" decoding=\"async\" width=\"375\" height=\"500\" data-id=\"227\" src=\"https:\/\/www.sinikkaustinovjones.fi\/wp-content\/uploads\/Mylly_Koivu.jpg\" alt=\"\" class=\"wp-image-227\" srcset=\"https:\/\/www.sinikkaustinovjones.fi\/wp-content\/uploads\/Mylly_Koivu.jpg 375w, https:\/\/www.sinikkaustinovjones.fi\/wp-content\/uploads\/Mylly_Koivu-225x300.jpg 225w, https:\/\/www.sinikkaustinovjones.fi\/wp-content\/uploads\/Mylly_Koivu-113x150.jpg 113w\" sizes=\"auto, (max-width: 375px) 100vw, 375px\" \/><\/a><\/figure>\n\n\n\n<figure class=\"wp-block-image size-large\"><a href=\"https:\/\/www.sinikkaustinovjones.fi\/wp-content\/uploads\/mylly5_corner.jpg\"><img loading=\"lazy\" decoding=\"async\" width=\"450\" height=\"600\" data-id=\"235\" src=\"https:\/\/www.sinikkaustinovjones.fi\/wp-content\/uploads\/mylly5_corner.jpg\" alt=\"\" class=\"wp-image-235\" srcset=\"https:\/\/www.sinikkaustinovjones.fi\/wp-content\/uploads\/mylly5_corner.jpg 450w, https:\/\/www.sinikkaustinovjones.fi\/wp-content\/uploads\/mylly5_corner-225x300.jpg 225w, https:\/\/www.sinikkaustinovjones.fi\/wp-content\/uploads\/mylly5_corner-113x150.jpg 113w\" sizes=\"auto, (max-width: 450px) 100vw, 450px\" \/><\/a><\/figure>\n\n\n\n<figure class=\"wp-block-image size-large\"><a href=\"https:\/\/www.sinikkaustinovjones.fi\/wp-content\/uploads\/mylly4_wall.jpg\"><img loading=\"lazy\" decoding=\"async\" width=\"600\" height=\"450\" data-id=\"234\" src=\"https:\/\/www.sinikkaustinovjones.fi\/wp-content\/uploads\/mylly4_wall.jpg\" alt=\"\" class=\"wp-image-234\" srcset=\"https:\/\/www.sinikkaustinovjones.fi\/wp-content\/uploads\/mylly4_wall.jpg 600w, https:\/\/www.sinikkaustinovjones.fi\/wp-content\/uploads\/mylly4_wall-300x225.jpg 300w, https:\/\/www.sinikkaustinovjones.fi\/wp-content\/uploads\/mylly4_wall-150x113.jpg 150w\" sizes=\"auto, (max-width: 600px) 100vw, 600px\" \/><\/a><\/figure>\n\n\n\n<figure class=\"wp-block-image size-large\"><a href=\"https:\/\/www.sinikkaustinovjones.fi\/wp-content\/uploads\/Barred_door.jpg\"><img loading=\"lazy\" decoding=\"async\" width=\"375\" height=\"500\" data-id=\"222\" src=\"https:\/\/www.sinikkaustinovjones.fi\/wp-content\/uploads\/Barred_door.jpg\" alt=\"\" class=\"wp-image-222\" srcset=\"https:\/\/www.sinikkaustinovjones.fi\/wp-content\/uploads\/Barred_door.jpg 375w, https:\/\/www.sinikkaustinovjones.fi\/wp-content\/uploads\/Barred_door-225x300.jpg 225w, https:\/\/www.sinikkaustinovjones.fi\/wp-content\/uploads\/Barred_door-113x150.jpg 113w\" sizes=\"auto, (max-width: 375px) 100vw, 375px\" \/><\/a><\/figure>\n\n\n\n<figure class=\"wp-block-image size-large\"><a href=\"https:\/\/www.sinikkaustinovjones.fi\/wp-content\/uploads\/Mylly_kalterit.jpg\"><img loading=\"lazy\" decoding=\"async\" width=\"600\" height=\"450\" data-id=\"226\" src=\"https:\/\/www.sinikkaustinovjones.fi\/wp-content\/uploads\/Mylly_kalterit.jpg\" alt=\"\" class=\"wp-image-226\" srcset=\"https:\/\/www.sinikkaustinovjones.fi\/wp-content\/uploads\/Mylly_kalterit.jpg 600w, https:\/\/www.sinikkaustinovjones.fi\/wp-content\/uploads\/Mylly_kalterit-300x225.jpg 300w, https:\/\/www.sinikkaustinovjones.fi\/wp-content\/uploads\/Mylly_kalterit-150x113.jpg 150w\" sizes=\"auto, (max-width: 600px) 100vw, 600px\" \/><\/a><\/figure>\n\n\n\n<figure class=\"wp-block-image size-large\"><a href=\"https:\/\/www.sinikkaustinovjones.fi\/wp-content\/uploads\/Mylly_graffitiloossit.jpg\"><img loading=\"lazy\" decoding=\"async\" width=\"600\" height=\"450\" data-id=\"225\" src=\"https:\/\/www.sinikkaustinovjones.fi\/wp-content\/uploads\/Mylly_graffitiloossit.jpg\" alt=\"\" class=\"wp-image-225\" srcset=\"https:\/\/www.sinikkaustinovjones.fi\/wp-content\/uploads\/Mylly_graffitiloossit.jpg 600w, https:\/\/www.sinikkaustinovjones.fi\/wp-content\/uploads\/Mylly_graffitiloossit-300x225.jpg 300w, https:\/\/www.sinikkaustinovjones.fi\/wp-content\/uploads\/Mylly_graffitiloossit-150x113.jpg 150w\" sizes=\"auto, (max-width: 600px) 100vw, 600px\" \/><\/a><\/figure>\n\n\n\n<figure class=\"wp-block-image size-large\"><a href=\"https:\/\/www.sinikkaustinovjones.fi\/wp-content\/uploads\/Mylly_tikkaat_siiloon.jpg\"><img loading=\"lazy\" decoding=\"async\" width=\"600\" height=\"450\" data-id=\"229\" src=\"https:\/\/www.sinikkaustinovjones.fi\/wp-content\/uploads\/Mylly_tikkaat_siiloon.jpg\" alt=\"\" class=\"wp-image-229\" srcset=\"https:\/\/www.sinikkaustinovjones.fi\/wp-content\/uploads\/Mylly_tikkaat_siiloon.jpg 600w, https:\/\/www.sinikkaustinovjones.fi\/wp-content\/uploads\/Mylly_tikkaat_siiloon-300x225.jpg 300w, https:\/\/www.sinikkaustinovjones.fi\/wp-content\/uploads\/Mylly_tikkaat_siiloon-150x113.jpg 150w\" sizes=\"auto, (max-width: 600px) 100vw, 600px\" \/><\/a><\/figure>\n\n\n\n<figure class=\"wp-block-image size-large\"><a href=\"https:\/\/www.sinikkaustinovjones.fi\/wp-content\/uploads\/mylly10_soffa.jpg\"><img loading=\"lazy\" decoding=\"async\" width=\"600\" height=\"450\" data-id=\"240\" src=\"https:\/\/www.sinikkaustinovjones.fi\/wp-content\/uploads\/mylly10_soffa.jpg\" alt=\"\" class=\"wp-image-240\" srcset=\"https:\/\/www.sinikkaustinovjones.fi\/wp-content\/uploads\/mylly10_soffa.jpg 600w, https:\/\/www.sinikkaustinovjones.fi\/wp-content\/uploads\/mylly10_soffa-300x225.jpg 300w, https:\/\/www.sinikkaustinovjones.fi\/wp-content\/uploads\/mylly10_soffa-150x113.jpg 150w\" sizes=\"auto, (max-width: 600px) 100vw, 600px\" \/><\/a><\/figure>\n\n\n\n<figure class=\"wp-block-image size-large\"><a href=\"https:\/\/www.sinikkaustinovjones.fi\/wp-content\/uploads\/mylly9_sofa.jpg\"><img loading=\"lazy\" decoding=\"async\" width=\"600\" height=\"450\" data-id=\"239\" src=\"https:\/\/www.sinikkaustinovjones.fi\/wp-content\/uploads\/mylly9_sofa.jpg\" alt=\"\" class=\"wp-image-239\" srcset=\"https:\/\/www.sinikkaustinovjones.fi\/wp-content\/uploads\/mylly9_sofa.jpg 600w, https:\/\/www.sinikkaustinovjones.fi\/wp-content\/uploads\/mylly9_sofa-300x225.jpg 300w, https:\/\/www.sinikkaustinovjones.fi\/wp-content\/uploads\/mylly9_sofa-150x113.jpg 150w\" sizes=\"auto, (max-width: 600px) 100vw, 600px\" \/><\/a><\/figure>\n\n\n\n<figure class=\"wp-block-image size-large\"><a href=\"https:\/\/www.sinikkaustinovjones.fi\/wp-content\/uploads\/mylly6_window.jpg\"><img loading=\"lazy\" decoding=\"async\" width=\"450\" height=\"600\" data-id=\"236\" src=\"https:\/\/www.sinikkaustinovjones.fi\/wp-content\/uploads\/mylly6_window.jpg\" alt=\"\" class=\"wp-image-236\" srcset=\"https:\/\/www.sinikkaustinovjones.fi\/wp-content\/uploads\/mylly6_window.jpg 450w, https:\/\/www.sinikkaustinovjones.fi\/wp-content\/uploads\/mylly6_window-225x300.jpg 225w, https:\/\/www.sinikkaustinovjones.fi\/wp-content\/uploads\/mylly6_window-113x150.jpg 113w\" sizes=\"auto, (max-width: 450px) 100vw, 450px\" \/><\/a><\/figure>\n\n\n\n<figure class=\"wp-block-image size-large\"><a href=\"https:\/\/www.sinikkaustinovjones.fi\/wp-content\/uploads\/mylly7_what.jpg\"><img loading=\"lazy\" decoding=\"async\" width=\"450\" height=\"600\" data-id=\"237\" src=\"https:\/\/www.sinikkaustinovjones.fi\/wp-content\/uploads\/mylly7_what.jpg\" alt=\"\" class=\"wp-image-237\" srcset=\"https:\/\/www.sinikkaustinovjones.fi\/wp-content\/uploads\/mylly7_what.jpg 450w, https:\/\/www.sinikkaustinovjones.fi\/wp-content\/uploads\/mylly7_what-225x300.jpg 225w, https:\/\/www.sinikkaustinovjones.fi\/wp-content\/uploads\/mylly7_what-113x150.jpg 113w\" sizes=\"auto, (max-width: 450px) 100vw, 450px\" \/><\/a><\/figure>\n\n\n\n<figure class=\"wp-block-image size-large\"><a href=\"https:\/\/www.sinikkaustinovjones.fi\/wp-content\/uploads\/mylly8_thing.jpg\"><img loading=\"lazy\" decoding=\"async\" width=\"450\" height=\"600\" data-id=\"238\" src=\"https:\/\/www.sinikkaustinovjones.fi\/wp-content\/uploads\/mylly8_thing.jpg\" alt=\"\" class=\"wp-image-238\" srcset=\"https:\/\/www.sinikkaustinovjones.fi\/wp-content\/uploads\/mylly8_thing.jpg 450w, https:\/\/www.sinikkaustinovjones.fi\/wp-content\/uploads\/mylly8_thing-225x300.jpg 225w, https:\/\/www.sinikkaustinovjones.fi\/wp-content\/uploads\/mylly8_thing-113x150.jpg 113w\" sizes=\"auto, (max-width: 450px) 100vw, 450px\" \/><\/a><\/figure>\n\n\n\n<figure class=\"wp-block-image size-large\"><a href=\"https:\/\/www.sinikkaustinovjones.fi\/wp-content\/uploads\/Mylly12_ruin.jpg\"><img loading=\"lazy\" decoding=\"async\" width=\"600\" height=\"450\" data-id=\"242\" src=\"https:\/\/www.sinikkaustinovjones.fi\/wp-content\/uploads\/Mylly12_ruin.jpg\" alt=\"\" class=\"wp-image-242\" srcset=\"https:\/\/www.sinikkaustinovjones.fi\/wp-content\/uploads\/Mylly12_ruin.jpg 600w, https:\/\/www.sinikkaustinovjones.fi\/wp-content\/uploads\/Mylly12_ruin-300x225.jpg 300w, https:\/\/www.sinikkaustinovjones.fi\/wp-content\/uploads\/Mylly12_ruin-150x113.jpg 150w\" sizes=\"auto, (max-width: 600px) 100vw, 600px\" \/><\/a><\/figure>\n\n\n\n<figure class=\"wp-block-image size-large\"><a href=\"https:\/\/www.sinikkaustinovjones.fi\/wp-content\/uploads\/Mylly_Demolition.jpg\"><img loading=\"lazy\" decoding=\"async\" width=\"375\" height=\"500\" data-id=\"223\" src=\"https:\/\/www.sinikkaustinovjones.fi\/wp-content\/uploads\/Mylly_Demolition.jpg\" alt=\"\" class=\"wp-image-223\" srcset=\"https:\/\/www.sinikkaustinovjones.fi\/wp-content\/uploads\/Mylly_Demolition.jpg 375w, https:\/\/www.sinikkaustinovjones.fi\/wp-content\/uploads\/Mylly_Demolition-225x300.jpg 225w, https:\/\/www.sinikkaustinovjones.fi\/wp-content\/uploads\/Mylly_Demolition-113x150.jpg 113w\" sizes=\"auto, (max-width: 375px) 100vw, 375px\" \/><\/a><\/figure>\n\n\n\n<figure class=\"wp-block-image size-large\"><a href=\"https:\/\/www.sinikkaustinovjones.fi\/wp-content\/uploads\/Mylly13_rupture.jpg\"><img loading=\"lazy\" decoding=\"async\" width=\"600\" height=\"450\" data-id=\"243\" src=\"https:\/\/www.sinikkaustinovjones.fi\/wp-content\/uploads\/Mylly13_rupture.jpg\" alt=\"\" class=\"wp-image-243\" srcset=\"https:\/\/www.sinikkaustinovjones.fi\/wp-content\/uploads\/Mylly13_rupture.jpg 600w, https:\/\/www.sinikkaustinovjones.fi\/wp-content\/uploads\/Mylly13_rupture-300x225.jpg 300w, https:\/\/www.sinikkaustinovjones.fi\/wp-content\/uploads\/Mylly13_rupture-150x113.jpg 150w\" sizes=\"auto, (max-width: 600px) 100vw, 600px\" \/><\/a><\/figure>\n\n\n\n<figure class=\"wp-block-image size-large\"><a href=\"https:\/\/www.sinikkaustinovjones.fi\/wp-content\/uploads\/Mylly14_guts.jpg\"><img loading=\"lazy\" decoding=\"async\" width=\"600\" height=\"450\" data-id=\"244\" src=\"https:\/\/www.sinikkaustinovjones.fi\/wp-content\/uploads\/Mylly14_guts.jpg\" alt=\"\" class=\"wp-image-244\" srcset=\"https:\/\/www.sinikkaustinovjones.fi\/wp-content\/uploads\/Mylly14_guts.jpg 600w, https:\/\/www.sinikkaustinovjones.fi\/wp-content\/uploads\/Mylly14_guts-300x225.jpg 300w, https:\/\/www.sinikkaustinovjones.fi\/wp-content\/uploads\/Mylly14_guts-150x113.jpg 150w\" sizes=\"auto, (max-width: 600px) 100vw, 600px\" \/><\/a><\/figure>\n\n\n\n<figure class=\"wp-block-image size-large\"><a href=\"https:\/\/www.sinikkaustinovjones.fi\/wp-content\/uploads\/Mylly_nayttely.jpg\"><img loading=\"lazy\" decoding=\"async\" width=\"667\" height=\"500\" data-id=\"228\" src=\"https:\/\/www.sinikkaustinovjones.fi\/wp-content\/uploads\/Mylly_nayttely.jpg\" alt=\"\" class=\"wp-image-228\" srcset=\"https:\/\/www.sinikkaustinovjones.fi\/wp-content\/uploads\/Mylly_nayttely.jpg 667w, https:\/\/www.sinikkaustinovjones.fi\/wp-content\/uploads\/Mylly_nayttely-300x225.jpg 300w, https:\/\/www.sinikkaustinovjones.fi\/wp-content\/uploads\/Mylly_nayttely-150x112.jpg 150w\" sizes=\"auto, (max-width: 667px) 100vw, 667px\" \/><\/a><\/figure>\n\n\n\n<figure class=\"wp-block-image size-large\"><a href=\"https:\/\/www.sinikkaustinovjones.fi\/wp-content\/uploads\/Mylly_exhibition.jpg\"><img loading=\"lazy\" decoding=\"async\" width=\"667\" height=\"500\" data-id=\"224\" src=\"https:\/\/www.sinikkaustinovjones.fi\/wp-content\/uploads\/Mylly_exhibition.jpg\" alt=\"\" class=\"wp-image-224\" srcset=\"https:\/\/www.sinikkaustinovjones.fi\/wp-content\/uploads\/Mylly_exhibition.jpg 667w, https:\/\/www.sinikkaustinovjones.fi\/wp-content\/uploads\/Mylly_exhibition-300x225.jpg 300w, https:\/\/www.sinikkaustinovjones.fi\/wp-content\/uploads\/Mylly_exhibition-150x112.jpg 150w\" sizes=\"auto, (max-width: 667px) 100vw, 667px\" \/><\/a><\/figure>\n<\/figure>\n","protected":false},"excerpt":{"rendered":"<p>In 2010 I got permission to enter and take photos of the old mill of J\u00e4rvenp\u00e4\u00e4 before it was demolished years later. Here are only a few of them. The exhibition of the photos was in the gallery of the J\u00e4rvenp\u00e4\u00e4-talo. Vuonna 2010 sain luvan kuvata J\u00e4rvenp\u00e4\u00e4n vanhaa mylly\u00e4 sis\u00e4lt\u00e4 ja ulkoa ennen sen purkamista. &hellip; <\/p>\n<p class=\"link-more\"><a href=\"https:\/\/www.sinikkaustinovjones.fi\/?page_id=208\" class=\"more-link\">Jatka lukemista<span class=\"screen-reader-text\"> &#8221;Photos&#8221;<\/span><\/a><\/p>\n","protected":false},"author":1,"featured_media":0,"parent":0,"menu_order":22,"comment_status":"closed","ping_status":"closed","template":"","meta":{"footnotes":""},"class_list":["post-208","page","type-page","status-publish","hentry","entry"],"_links":{"self":[{"href":"https:\/\/www.sinikkaustinovjones.fi\/index.php?rest_route=\/wp\/v2\/pages\/208","targetHints":{"allow":["GET"]}}],"collection":[{"href":"https:\/\/www.sinikkaustinovjones.fi\/index.php?rest_route=\/wp\/v2\/pages"}],"about":[{"href":"https:\/\/www.sinikkaustinovjones.fi\/index.php?rest_route=\/wp\/v2\/types\/page"}],"author":[{"embeddable":true,"href":"https:\/\/www.sinikkaustinovjones.fi\/index.php?rest_route=\/wp\/v2\/users\/1"}],"replies":[{"embeddable":true,"href":"https:\/\/www.sinikkaustinovjones.fi\/index.php?rest_route=%2Fwp%2Fv2%2Fcomments&post=208"}],"version-history":[{"count":7,"href":"https:\/\/www.sinikkaustinovjones.fi\/index.php?rest_route=\/wp\/v2\/pages\/208\/revisions"}],"predecessor-version":[{"id":440,"href":"https:\/\/www.sinikkaustinovjones.fi\/index.php?rest_route=\/wp\/v2\/pages\/208\/revisions\/440"}],"wp:attachment":[{"href":"https:\/\/www.sinikkaustinovjones.fi\/index.php?rest_route=%2Fwp%2Fv2%2Fmedia&parent=208"}],"curies":[{"name":"wp","href":"https:\/\/api.w.org\/{rel}","templated":true}]}}