{"id":212,"date":"2021-11-20T16:47:46","date_gmt":"2021-11-20T14:47:46","guid":{"rendered":"https:\/\/www.sinikkaustinovjones.fi\/?page_id=212"},"modified":"2025-10-10T09:41:35","modified_gmt":"2025-10-10T06:41:35","slug":"contact-me","status":"publish","type":"page","link":"https:\/\/www.sinikkaustinovjones.fi\/?page_id=212","title":{"rendered":"Contact me"},"content":{"rendered":"\n<p>Sinikka Ustinov-Jones <br>Kaurakatu 10 <br>04410 J\u00e4rvenp\u00e4\u00e4<br>Finland<br>+358405140908<br>sinikkasart(at)gmail.com<\/p>\n\n\n\n<p><a href=\"https:\/\/kuvataiteilijamatrikkeli.fi\/taiteilijat\">https:\/\/kuvataiteilijamatrikkeli.fi\/<\/a><\/p>\n\n\n\n<p><a href=\"https:\/\/jarvenpaantaideseura.fi \">https:\/\/jarvenpaantaideseura.fi <\/a><\/p>\n\n\n\n<p><a href=\"https:\/\/artists.fi\">https:\/\/artists.fi<\/a> <\/p>\n\n\n\n<p><a href=\"https:\/\/muu.fi\">https:\/\/muu.fi<\/a><\/p>\n","protected":false},"excerpt":{"rendered":"<p>Sinikka Ustinov-Jones Kaurakatu 10 04410 J\u00e4rvenp\u00e4\u00e4Finland+358405140908sinikkasart(at)gmail.com https:\/\/kuvataiteilijamatrikkeli.fi\/ https:\/\/jarvenpaantaideseura.fi https:\/\/artists.fi https:\/\/muu.fi<\/p>\n","protected":false},"author":1,"featured_media":0,"parent":0,"menu_order":24,"comment_status":"closed","ping_status":"closed","template":"","meta":{"footnotes":""},"class_list":["post-212","page","type-page","status-publish","hentry","entry"],"_links":{"self":[{"href":"https:\/\/www.sinikkaustinovjones.fi\/index.php?rest_route=\/wp\/v2\/pages\/212","targetHints":{"allow":["GET"]}}],"collection":[{"href":"https:\/\/www.sinikkaustinovjones.fi\/index.php?rest_route=\/wp\/v2\/pages"}],"about":[{"href":"https:\/\/www.sinikkaustinovjones.fi\/index.php?rest_route=\/wp\/v2\/types\/page"}],"author":[{"embeddable":true,"href":"https:\/\/www.sinikkaustinovjones.fi\/index.php?rest_route=\/wp\/v2\/users\/1"}],"replies":[{"embeddable":true,"href":"https:\/\/www.sinikkaustinovjones.fi\/index.php?rest_route=%2Fwp%2Fv2%2Fcomments&post=212"}],"version-history":[{"count":4,"href":"https:\/\/www.sinikkaustinovjones.fi\/index.php?rest_route=\/wp\/v2\/pages\/212\/revisions"}],"predecessor-version":[{"id":448,"href":"https:\/\/www.sinikkaustinovjones.fi\/index.php?rest_route=\/wp\/v2\/pages\/212\/revisions\/448"}],"wp:attachment":[{"href":"https:\/\/www.sinikkaustinovjones.fi\/index.php?rest_route=%2Fwp%2Fv2%2Fmedia&parent=212"}],"curies":[{"name":"wp","href":"https:\/\/api.w.org\/{rel}","templated":true}]}}