{"id":216,"date":"2021-11-08T11:44:15","date_gmt":"2021-11-08T09:44:15","guid":{"rendered":"https:\/\/www.sinikkaustinovjones.fi\/?page_id=216"},"modified":"2025-05-08T08:18:23","modified_gmt":"2025-05-08T05:18:23","slug":"installatios","status":"publish","type":"page","link":"https:\/\/www.sinikkaustinovjones.fi\/?page_id=216","title":{"rendered":"Installations"},"content":{"rendered":"\n<p>Here are some examples of my installations and collective works of art in chronological order.<\/p>\n\n\n\n<p>T\u00e4ss\u00e4 muutamia esimerkkej\u00e4 installaatioistani eri tekniikoilla.<\/p>\n\n\n\n<p>Click picture to see it larger \/ Klikkaa kuvaa isommaksi.<\/p>\n\n\n\n<figure class=\"wp-block-gallery has-nested-images columns-4 is-cropped wp-block-gallery-1 is-layout-flex wp-block-gallery-is-layout-flex\">\n<figure class=\"wp-block-image size-large\"><a href=\"https:\/\/www.sinikkaustinovjones.fi\/wp-content\/uploads\/WedgeFormation2018.jpg\"><img loading=\"lazy\" decoding=\"async\" width=\"800\" height=\"600\" data-id=\"258\" src=\"https:\/\/www.sinikkaustinovjones.fi\/wp-content\/uploads\/WedgeFormation2018.jpg\" alt=\"\" class=\"wp-image-258\" srcset=\"https:\/\/www.sinikkaustinovjones.fi\/wp-content\/uploads\/WedgeFormation2018.jpg 800w, https:\/\/www.sinikkaustinovjones.fi\/wp-content\/uploads\/WedgeFormation2018-300x225.jpg 300w, https:\/\/www.sinikkaustinovjones.fi\/wp-content\/uploads\/WedgeFormation2018-150x113.jpg 150w, https:\/\/www.sinikkaustinovjones.fi\/wp-content\/uploads\/WedgeFormation2018-768x576.jpg 768w\" sizes=\"auto, (max-width: 800px) 100vw, 800px\" \/><\/a><figcaption class=\"wp-element-caption\">Black porcelain and fishing line<\/figcaption><\/figure>\n\n\n\n<figure class=\"wp-block-image size-large\"><a href=\"https:\/\/www.sinikkaustinovjones.fi\/wp-content\/uploads\/Canopy_of_Heaven_is_lifting.jpg\"><img loading=\"lazy\" decoding=\"async\" width=\"872\" height=\"400\" data-id=\"93\" src=\"https:\/\/www.sinikkaustinovjones.fi\/wp-content\/uploads\/Canopy_of_Heaven_is_lifting.jpg\" alt=\"\" class=\"wp-image-93\" srcset=\"https:\/\/www.sinikkaustinovjones.fi\/wp-content\/uploads\/Canopy_of_Heaven_is_lifting.jpg 872w, https:\/\/www.sinikkaustinovjones.fi\/wp-content\/uploads\/Canopy_of_Heaven_is_lifting-333x153.jpg 333w, https:\/\/www.sinikkaustinovjones.fi\/wp-content\/uploads\/Canopy_of_Heaven_is_lifting-300x138.jpg 300w, https:\/\/www.sinikkaustinovjones.fi\/wp-content\/uploads\/Canopy_of_Heaven_is_lifting-768x352.jpg 768w\" sizes=\"auto, (max-width: 872px) 100vw, 872px\" \/><\/a><figcaption class=\"wp-element-caption\">Canopy of Heaven is lifting, installation, 2018, black porcelain, fishing line, black paint, 1x3m.<br>According to old Finnish belief, migratory birds came from the other side of heaven when the canopy cracked open.<\/figcaption><\/figure>\n\n\n\n<figure class=\"wp-block-image size-large\"><a href=\"https:\/\/www.sinikkaustinovjones.fi\/wp-content\/uploads\/Aquarium.jpg\"><img loading=\"lazy\" decoding=\"async\" width=\"667\" height=\"500\" data-id=\"253\" src=\"https:\/\/www.sinikkaustinovjones.fi\/wp-content\/uploads\/Aquarium.jpg\" alt=\"\" class=\"wp-image-253\" srcset=\"https:\/\/www.sinikkaustinovjones.fi\/wp-content\/uploads\/Aquarium.jpg 667w, https:\/\/www.sinikkaustinovjones.fi\/wp-content\/uploads\/Aquarium-300x225.jpg 300w, https:\/\/www.sinikkaustinovjones.fi\/wp-content\/uploads\/Aquarium-150x112.jpg 150w\" sizes=\"auto, (max-width: 667px) 100vw, 667px\" \/><\/a><figcaption class=\"wp-element-caption\">Aquarium of steel fighting fish<\/figcaption><\/figure>\n\n\n\n<figure class=\"wp-block-image size-large\"><a href=\"https:\/\/www.sinikkaustinovjones.fi\/wp-content\/uploads\/Aquarium2.jpg\"><img loading=\"lazy\" decoding=\"async\" width=\"801\" height=\"600\" data-id=\"254\" src=\"https:\/\/www.sinikkaustinovjones.fi\/wp-content\/uploads\/Aquarium2.jpg\" alt=\"\" class=\"wp-image-254\" srcset=\"https:\/\/www.sinikkaustinovjones.fi\/wp-content\/uploads\/Aquarium2.jpg 801w, https:\/\/www.sinikkaustinovjones.fi\/wp-content\/uploads\/Aquarium2-300x225.jpg 300w, https:\/\/www.sinikkaustinovjones.fi\/wp-content\/uploads\/Aquarium2-150x112.jpg 150w, https:\/\/www.sinikkaustinovjones.fi\/wp-content\/uploads\/Aquarium2-768x575.jpg 768w\" sizes=\"auto, (max-width: 801px) 100vw, 801px\" \/><\/a><figcaption class=\"wp-element-caption\">Large steel fighting fish<\/figcaption><\/figure>\n\n\n\n<figure class=\"wp-block-image size-large\"><a href=\"https:\/\/www.sinikkaustinovjones.fi\/wp-content\/uploads\/GiveaHappyFuture2010.jpg\"><img loading=\"lazy\" decoding=\"async\" width=\"360\" height=\"500\" data-id=\"256\" src=\"https:\/\/www.sinikkaustinovjones.fi\/wp-content\/uploads\/GiveaHappyFuture2010.jpg\" alt=\"\" class=\"wp-image-256\" srcset=\"https:\/\/www.sinikkaustinovjones.fi\/wp-content\/uploads\/GiveaHappyFuture2010.jpg 360w, https:\/\/www.sinikkaustinovjones.fi\/wp-content\/uploads\/GiveaHappyFuture2010-216x300.jpg 216w, https:\/\/www.sinikkaustinovjones.fi\/wp-content\/uploads\/GiveaHappyFuture2010-108x150.jpg 108w\" sizes=\"auto, (max-width: 360px) 100vw, 360px\" \/><\/a><figcaption class=\"wp-element-caption\">Give a happy future, help to build a colorful nest<\/figcaption><\/figure>\n\n\n\n<figure class=\"wp-block-image size-large\"><a href=\"https:\/\/www.sinikkaustinovjones.fi\/wp-content\/uploads\/Nopat.jpg\"><img loading=\"lazy\" decoding=\"async\" width=\"558\" height=\"500\" data-id=\"250\" src=\"https:\/\/www.sinikkaustinovjones.fi\/wp-content\/uploads\/Nopat.jpg\" alt=\"\" class=\"wp-image-250\" srcset=\"https:\/\/www.sinikkaustinovjones.fi\/wp-content\/uploads\/Nopat.jpg 558w, https:\/\/www.sinikkaustinovjones.fi\/wp-content\/uploads\/Nopat-300x269.jpg 300w, https:\/\/www.sinikkaustinovjones.fi\/wp-content\/uploads\/Nopat-150x134.jpg 150w\" sizes=\"auto, (max-width: 558px) 100vw, 558px\" \/><\/a><figcaption class=\"wp-element-caption\">Game of dice, 30x30x30cm each<\/figcaption><\/figure>\n\n\n\n<figure class=\"wp-block-image size-large\"><a href=\"https:\/\/www.sinikkaustinovjones.fi\/wp-content\/uploads\/Loytoretketx2.jpg\"><img loading=\"lazy\" decoding=\"async\" width=\"1000\" height=\"446\" data-id=\"257\" src=\"https:\/\/www.sinikkaustinovjones.fi\/wp-content\/uploads\/Loytoretketx2.jpg\" alt=\"\" class=\"wp-image-257\" srcset=\"https:\/\/www.sinikkaustinovjones.fi\/wp-content\/uploads\/Loytoretketx2.jpg 1000w, https:\/\/www.sinikkaustinovjones.fi\/wp-content\/uploads\/Loytoretketx2-300x134.jpg 300w, https:\/\/www.sinikkaustinovjones.fi\/wp-content\/uploads\/Loytoretketx2-150x67.jpg 150w, https:\/\/www.sinikkaustinovjones.fi\/wp-content\/uploads\/Loytoretketx2-768x343.jpg 768w\" sizes=\"auto, (max-width: 1000px) 100vw, 1000px\" \/><\/a><figcaption class=\"wp-element-caption\">New discoveries, where have you been?<\/figcaption><\/figure>\n\n\n\n<figure class=\"wp-block-image size-large\"><a href=\"https:\/\/www.sinikkaustinovjones.fi\/wp-content\/uploads\/talkootiso.jpg\"><img loading=\"lazy\" decoding=\"async\" width=\"667\" height=\"500\" data-id=\"252\" src=\"https:\/\/www.sinikkaustinovjones.fi\/wp-content\/uploads\/talkootiso.jpg\" alt=\"\" class=\"wp-image-252\" srcset=\"https:\/\/www.sinikkaustinovjones.fi\/wp-content\/uploads\/talkootiso.jpg 667w, https:\/\/www.sinikkaustinovjones.fi\/wp-content\/uploads\/talkootiso-300x225.jpg 300w, https:\/\/www.sinikkaustinovjones.fi\/wp-content\/uploads\/talkootiso-150x112.jpg 150w\" sizes=\"auto, (max-width: 667px) 100vw, 667px\" \/><\/a><figcaption class=\"wp-element-caption\">Barn raising \/ Talkoot, found odd sized planks to be built with<\/figcaption><\/figure>\n\n\n\n<figure class=\"wp-block-image size-large\"><a href=\"https:\/\/www.sinikkaustinovjones.fi\/wp-content\/uploads\/crogilasit.jpg\"><img loading=\"lazy\" decoding=\"async\" width=\"561\" height=\"500\" data-id=\"248\" src=\"https:\/\/www.sinikkaustinovjones.fi\/wp-content\/uploads\/crogilasit.jpg\" alt=\"\" class=\"wp-image-248\" srcset=\"https:\/\/www.sinikkaustinovjones.fi\/wp-content\/uploads\/crogilasit.jpg 561w, https:\/\/www.sinikkaustinovjones.fi\/wp-content\/uploads\/crogilasit-300x267.jpg 300w, https:\/\/www.sinikkaustinovjones.fi\/wp-content\/uploads\/crogilasit-150x134.jpg 150w\" sizes=\"auto, (max-width: 561px) 100vw, 561px\" \/><\/a><figcaption class=\"wp-element-caption\">Draw what you see through the glass<\/figcaption><\/figure>\n\n\n\n<figure class=\"wp-block-image size-large\"><a href=\"https:\/\/www.sinikkaustinovjones.fi\/wp-content\/uploads\/Mobiili2006.jpg\"><img loading=\"lazy\" decoding=\"async\" width=\"775\" height=\"500\" data-id=\"249\" src=\"https:\/\/www.sinikkaustinovjones.fi\/wp-content\/uploads\/Mobiili2006.jpg\" alt=\"\" class=\"wp-image-249\" srcset=\"https:\/\/www.sinikkaustinovjones.fi\/wp-content\/uploads\/Mobiili2006.jpg 775w, https:\/\/www.sinikkaustinovjones.fi\/wp-content\/uploads\/Mobiili2006-300x194.jpg 300w, https:\/\/www.sinikkaustinovjones.fi\/wp-content\/uploads\/Mobiili2006-150x97.jpg 150w, https:\/\/www.sinikkaustinovjones.fi\/wp-content\/uploads\/Mobiili2006-768x495.jpg 768w\" sizes=\"auto, (max-width: 775px) 100vw, 775px\" \/><\/a><figcaption class=\"wp-element-caption\">MoBiili, painted by the members of J\u00e4rvenp\u00e4\u00e4 Youth center<\/figcaption><\/figure>\n\n\n\n<figure class=\"wp-block-image size-large\"><a href=\"https:\/\/www.sinikkaustinovjones.fi\/wp-content\/uploads\/Salkotanssi_Raisio.jpg\"><img loading=\"lazy\" decoding=\"async\" width=\"770\" height=\"423\" data-id=\"168\" src=\"https:\/\/www.sinikkaustinovjones.fi\/wp-content\/uploads\/Salkotanssi_Raisio.jpg\" alt=\"\" class=\"wp-image-168\" srcset=\"https:\/\/www.sinikkaustinovjones.fi\/wp-content\/uploads\/Salkotanssi_Raisio.jpg 770w, https:\/\/www.sinikkaustinovjones.fi\/wp-content\/uploads\/Salkotanssi_Raisio-333x183.jpg 333w, https:\/\/www.sinikkaustinovjones.fi\/wp-content\/uploads\/Salkotanssi_Raisio-300x165.jpg 300w, https:\/\/www.sinikkaustinovjones.fi\/wp-content\/uploads\/Salkotanssi_Raisio-768x422.jpg 768w\" sizes=\"auto, (max-width: 770px) 100vw, 770px\" \/><\/a><figcaption class=\"wp-element-caption\">Midsummer pole dance<\/figcaption><\/figure>\n<\/figure>\n","protected":false},"excerpt":{"rendered":"<p>Here are some examples of my installations and collective works of art in chronological order. T\u00e4ss\u00e4 muutamia esimerkkej\u00e4 installaatioistani eri tekniikoilla. Click picture to see it larger \/ Klikkaa kuvaa isommaksi.<\/p>\n","protected":false},"author":1,"featured_media":0,"parent":0,"menu_order":26,"comment_status":"closed","ping_status":"closed","template":"","meta":{"footnotes":""},"class_list":["post-216","page","type-page","status-publish","hentry","entry"],"_links":{"self":[{"href":"https:\/\/www.sinikkaustinovjones.fi\/index.php?rest_route=\/wp\/v2\/pages\/216","targetHints":{"allow":["GET"]}}],"collection":[{"href":"https:\/\/www.sinikkaustinovjones.fi\/index.php?rest_route=\/wp\/v2\/pages"}],"about":[{"href":"https:\/\/www.sinikkaustinovjones.fi\/index.php?rest_route=\/wp\/v2\/types\/page"}],"author":[{"embeddable":true,"href":"https:\/\/www.sinikkaustinovjones.fi\/index.php?rest_route=\/wp\/v2\/users\/1"}],"replies":[{"embeddable":true,"href":"https:\/\/www.sinikkaustinovjones.fi\/index.php?rest_route=%2Fwp%2Fv2%2Fcomments&post=216"}],"version-history":[{"count":9,"href":"https:\/\/www.sinikkaustinovjones.fi\/index.php?rest_route=\/wp\/v2\/pages\/216\/revisions"}],"predecessor-version":[{"id":443,"href":"https:\/\/www.sinikkaustinovjones.fi\/index.php?rest_route=\/wp\/v2\/pages\/216\/revisions\/443"}],"wp:attachment":[{"href":"https:\/\/www.sinikkaustinovjones.fi\/index.php?rest_route=%2Fwp%2Fv2%2Fmedia&parent=216"}],"curies":[{"name":"wp","href":"https:\/\/api.w.org\/{rel}","templated":true}]}}