{"id":97,"date":"2021-10-27T10:17:49","date_gmt":"2021-10-27T07:17:49","guid":{"rendered":"http:\/\/www.sinikkaustinovjones.fi\/?page_id=97"},"modified":"2025-05-08T08:08:37","modified_gmt":"2025-05-08T05:08:37","slug":"raku","status":"publish","type":"page","link":"https:\/\/www.sinikkaustinovjones.fi\/?page_id=97","title":{"rendered":"Raku"},"content":{"rendered":"\n<p>Here are some examples of my Raku ceramics and the firing.<\/p>\n\n\n\n<p>T\u00e4ss\u00e4 muutamia esimerkkej\u00e4 rakukeramiikkateoksistani.<\/p>\n\n\n\n<p>Click picture to see it larger \/ Klikkaa kuvaa isommaksi.<\/p>\n\n\n\n<figure class=\"wp-block-gallery has-nested-images columns-4 is-cropped wp-block-gallery-1 is-layout-flex wp-block-gallery-is-layout-flex\">\n<figure class=\"wp-block-image size-large\"><a href=\"https:\/\/www.sinikkaustinovjones.fi\/wp-content\/uploads\/Palanut_oksa.jpg\"><img loading=\"lazy\" decoding=\"async\" width=\"388\" height=\"600\" data-id=\"98\" src=\"https:\/\/www.sinikkaustinovjones.fi\/wp-content\/uploads\/Palanut_oksa.jpg\" alt=\"\" class=\"wp-image-98\" srcset=\"https:\/\/www.sinikkaustinovjones.fi\/wp-content\/uploads\/Palanut_oksa.jpg 388w, https:\/\/www.sinikkaustinovjones.fi\/wp-content\/uploads\/Palanut_oksa-194x300.jpg 194w, https:\/\/www.sinikkaustinovjones.fi\/wp-content\/uploads\/Palanut_oksa-129x200.jpg 129w\" sizes=\"auto, (max-width: 388px) 100vw, 388px\" \/><\/a><\/figure>\n\n\n\n<figure class=\"wp-block-image size-large\"><a href=\"https:\/\/www.sinikkaustinovjones.fi\/wp-content\/uploads\/TalvenTorrottajat.jpg\"><img loading=\"lazy\" decoding=\"async\" width=\"500\" height=\"574\" data-id=\"100\" src=\"https:\/\/www.sinikkaustinovjones.fi\/wp-content\/uploads\/TalvenTorrottajat.jpg\" alt=\"\" class=\"wp-image-100\" srcset=\"https:\/\/www.sinikkaustinovjones.fi\/wp-content\/uploads\/TalvenTorrottajat.jpg 500w, https:\/\/www.sinikkaustinovjones.fi\/wp-content\/uploads\/TalvenTorrottajat-261x300.jpg 261w, https:\/\/www.sinikkaustinovjones.fi\/wp-content\/uploads\/TalvenTorrottajat-174x200.jpg 174w\" sizes=\"auto, (max-width: 500px) 100vw, 500px\" \/><\/a><\/figure>\n\n\n\n<figure class=\"wp-block-image size-large\"><a href=\"https:\/\/www.sinikkaustinovjones.fi\/wp-content\/uploads\/TuulestaPudonnut.jpg\"><img loading=\"lazy\" decoding=\"async\" width=\"780\" height=\"500\" data-id=\"101\" src=\"https:\/\/www.sinikkaustinovjones.fi\/wp-content\/uploads\/TuulestaPudonnut.jpg\" alt=\"\" class=\"wp-image-101\" srcset=\"https:\/\/www.sinikkaustinovjones.fi\/wp-content\/uploads\/TuulestaPudonnut.jpg 780w, https:\/\/www.sinikkaustinovjones.fi\/wp-content\/uploads\/TuulestaPudonnut-333x213.jpg 333w, https:\/\/www.sinikkaustinovjones.fi\/wp-content\/uploads\/TuulestaPudonnut-300x192.jpg 300w, https:\/\/www.sinikkaustinovjones.fi\/wp-content\/uploads\/TuulestaPudonnut-768x492.jpg 768w\" sizes=\"auto, (max-width: 780px) 100vw, 780px\" \/><\/a><\/figure>\n\n\n\n<figure class=\"wp-block-image size-large\"><a href=\"https:\/\/www.sinikkaustinovjones.fi\/wp-content\/uploads\/2xsuprices-1.jpg\"><img loading=\"lazy\" decoding=\"async\" width=\"513\" height=\"600\" data-id=\"102\" src=\"https:\/\/www.sinikkaustinovjones.fi\/wp-content\/uploads\/2xsuprices-1.jpg\" alt=\"\" class=\"wp-image-102\" srcset=\"https:\/\/www.sinikkaustinovjones.fi\/wp-content\/uploads\/2xsuprices-1.jpg 513w, https:\/\/www.sinikkaustinovjones.fi\/wp-content\/uploads\/2xsuprices-1-257x300.jpg 257w, https:\/\/www.sinikkaustinovjones.fi\/wp-content\/uploads\/2xsuprices-1-171x200.jpg 171w\" sizes=\"auto, (max-width: 513px) 100vw, 513px\" \/><\/a><\/figure>\n\n\n\n<figure class=\"wp-block-image size-large\"><a href=\"https:\/\/www.sinikkaustinovjones.fi\/wp-content\/uploads\/siipirikko-1.jpg\"><img loading=\"lazy\" decoding=\"async\" width=\"600\" height=\"490\" data-id=\"92\" src=\"https:\/\/www.sinikkaustinovjones.fi\/wp-content\/uploads\/siipirikko-1.jpg\" alt=\"\" class=\"wp-image-92\" srcset=\"https:\/\/www.sinikkaustinovjones.fi\/wp-content\/uploads\/siipirikko-1.jpg 600w, https:\/\/www.sinikkaustinovjones.fi\/wp-content\/uploads\/siipirikko-1-333x272.jpg 333w, https:\/\/www.sinikkaustinovjones.fi\/wp-content\/uploads\/siipirikko-1-245x200.jpg 245w\" sizes=\"auto, (max-width: 600px) 100vw, 600px\" \/><\/a><\/figure>\n\n\n\n<figure class=\"wp-block-image size-large\"><a href=\"https:\/\/www.sinikkaustinovjones.fi\/wp-content\/uploads\/WrongColor.jpg\"><img loading=\"lazy\" decoding=\"async\" width=\"800\" height=\"498\" data-id=\"104\" src=\"https:\/\/www.sinikkaustinovjones.fi\/wp-content\/uploads\/WrongColor.jpg\" alt=\"\" class=\"wp-image-104\" srcset=\"https:\/\/www.sinikkaustinovjones.fi\/wp-content\/uploads\/WrongColor.jpg 800w, https:\/\/www.sinikkaustinovjones.fi\/wp-content\/uploads\/WrongColor-333x207.jpg 333w, https:\/\/www.sinikkaustinovjones.fi\/wp-content\/uploads\/WrongColor-300x187.jpg 300w, https:\/\/www.sinikkaustinovjones.fi\/wp-content\/uploads\/WrongColor-768x478.jpg 768w\" sizes=\"auto, (max-width: 800px) 100vw, 800px\" \/><\/a><\/figure>\n\n\n\n<figure class=\"wp-block-image size-large\"><a href=\"https:\/\/www.sinikkaustinovjones.fi\/wp-content\/uploads\/FlownAway.jpg\"><img loading=\"lazy\" decoding=\"async\" width=\"667\" height=\"500\" data-id=\"105\" src=\"https:\/\/www.sinikkaustinovjones.fi\/wp-content\/uploads\/FlownAway.jpg\" alt=\"\" class=\"wp-image-105\" srcset=\"https:\/\/www.sinikkaustinovjones.fi\/wp-content\/uploads\/FlownAway.jpg 667w, https:\/\/www.sinikkaustinovjones.fi\/wp-content\/uploads\/FlownAway-333x250.jpg 333w, https:\/\/www.sinikkaustinovjones.fi\/wp-content\/uploads\/FlownAway-267x200.jpg 267w\" sizes=\"auto, (max-width: 667px) 100vw, 667px\" \/><\/a><\/figure>\n\n\n\n<figure class=\"wp-block-image size-large\"><a href=\"https:\/\/www.sinikkaustinovjones.fi\/wp-content\/uploads\/She_was_beautiful.jpg\"><img loading=\"lazy\" decoding=\"async\" width=\"357\" height=\"700\" data-id=\"103\" src=\"https:\/\/www.sinikkaustinovjones.fi\/wp-content\/uploads\/She_was_beautiful.jpg\" alt=\"\" class=\"wp-image-103\" srcset=\"https:\/\/www.sinikkaustinovjones.fi\/wp-content\/uploads\/She_was_beautiful.jpg 357w, https:\/\/www.sinikkaustinovjones.fi\/wp-content\/uploads\/She_was_beautiful-153x300.jpg 153w, https:\/\/www.sinikkaustinovjones.fi\/wp-content\/uploads\/She_was_beautiful-102x200.jpg 102w\" sizes=\"auto, (max-width: 357px) 100vw, 357px\" \/><\/a><\/figure>\n<\/figure>\n","protected":false},"excerpt":{"rendered":"<p>Here are some examples of my Raku ceramics and the firing. T\u00e4ss\u00e4 muutamia esimerkkej\u00e4 rakukeramiikkateoksistani. Click picture to see it larger \/ Klikkaa kuvaa isommaksi.<\/p>\n","protected":false},"author":1,"featured_media":0,"parent":0,"menu_order":16,"comment_status":"closed","ping_status":"closed","template":"","meta":{"footnotes":""},"class_list":["post-97","page","type-page","status-publish","hentry","entry"],"_links":{"self":[{"href":"https:\/\/www.sinikkaustinovjones.fi\/index.php?rest_route=\/wp\/v2\/pages\/97","targetHints":{"allow":["GET"]}}],"collection":[{"href":"https:\/\/www.sinikkaustinovjones.fi\/index.php?rest_route=\/wp\/v2\/pages"}],"about":[{"href":"https:\/\/www.sinikkaustinovjones.fi\/index.php?rest_route=\/wp\/v2\/types\/page"}],"author":[{"embeddable":true,"href":"https:\/\/www.sinikkaustinovjones.fi\/index.php?rest_route=\/wp\/v2\/users\/1"}],"replies":[{"embeddable":true,"href":"https:\/\/www.sinikkaustinovjones.fi\/index.php?rest_route=%2Fwp%2Fv2%2Fcomments&post=97"}],"version-history":[{"count":5,"href":"https:\/\/www.sinikkaustinovjones.fi\/index.php?rest_route=\/wp\/v2\/pages\/97\/revisions"}],"predecessor-version":[{"id":437,"href":"https:\/\/www.sinikkaustinovjones.fi\/index.php?rest_route=\/wp\/v2\/pages\/97\/revisions\/437"}],"wp:attachment":[{"href":"https:\/\/www.sinikkaustinovjones.fi\/index.php?rest_route=%2Fwp%2Fv2%2Fmedia&parent=97"}],"curies":[{"name":"wp","href":"https:\/\/api.w.org\/{rel}","templated":true}]}}